{"id":3450,"date":"2022-07-23T12:49:33","date_gmt":"2022-07-23T10:49:33","guid":{"rendered":"https:\/\/www.travel2srilanka.ch\/?post_type=product&#038;p=3450"},"modified":"2022-10-05T18:03:36","modified_gmt":"2022-10-05T16:03:36","slug":"ella-rock","status":"publish","type":"product","link":"https:\/\/www.travel2srilanka.ch\/pl\/product\/ella-rock\/","title":{"rendered":"W\u0119dr\u00f3wka na Ella Rock - panoramiczne widoki, flora i fauna"},"content":{"rendered":"<div class=\"vc_row wpb_row vc_row-fluid\"><div class=\"wpb_column vc_column_container vc_col-sm-6\"><div class=\"vc_column-inner\"><div class=\"wpb_wrapper\"><div class=\"wpb_gmaps_widget wpb_content_element\"><div class=\"wpb_wrapper\"><div class=\"wpb_map_wraper\"><iframe src=\"https:\/\/www.google.com\/maps\/embed?pb=!1m18!1m12!1m3!1d1240736.3249128107!2d80.70778826072304!3d6.984016813634983!2m3!1f0!2f0!3f0!3m2!1i1024!2i768!4f13.1!3m3!1m2!1s0x3ae465e2ef222feb%3A0x4c38b5fd481ad680!2sElla%20Rock%20View%20Point!5e1!3m2!1sde!2sch!4v1658573638809!5m2!1sde!2sch\" width=\"600\" height=\"450\" style=\"border:0;\" allowfullscreen=\"\" loading=\"lazy\" referrerpolicy=\"no-referrer-when-downgrade\"><\/iframe><\/div><\/div><\/div><\/div><\/div><\/div><div class=\"wpb_column vc_column_container vc_col-sm-6\"><div class=\"vc_column-inner\"><div class=\"wpb_wrapper\"><\/div><\/div><\/div><\/div>","protected":false},"excerpt":{"rendered":"<p>Ella to pi\u0119kne, ma\u0142e miasteczko po\u0142o\u017cone na wy\u017cynie Sri Lanki na wysoko\u015bci 1 041 m n.p.m. Obszar ten otaczaj\u0105 wzg\u00f3rza pokryte lasami chmurowymi i plantacjami herbaty. Ca\u0142y obszar wok\u00f3\u0142 Ella charakteryzuje si\u0119 wi\u0119c bogat\u0105 bior\u00f3\u017cnorodno\u015bci\u0105 z licznymi gatunkami flory i fauny. Jest to idealne miejsce na piesze wycieczki podczas wakacji na Sri Lance.<\/p>\n<p>Ella Rock to s\u0142ynna lankijska formacja skalna, kt\u00f3ra wznosi si\u0119 wysoko nad miejscowo\u015bci\u0105 Ella, oko\u0142o 8 km od centrum miasta. Jest to idealna baza wypadowa do zwiedzania okolicznych wzg\u00f3rz i podziwiania zapieraj\u0105cych dech w piersiach widok\u00f3w na zielone doliny Badulli.<\/p>\n<p>Mi\u0142o\u015bnicy pieszych wycieczek z pewno\u015bci\u0105 pokochaj\u0105 to miejsce. Powiniene\u015b do\u015bwiadczy\u0107 zapieraj\u0105cego dech w piersiach panoramicznego widoku, tworzonego przez mg\u0142\u0119 i chmury, kt\u00f3re pokrywaj\u0105 Ell\u0119, szczeg\u00f3lnie we wczesnym ranku i p\u00f3\u017anym wieczorem. \u0141\u0105czny czas wej\u015bcia i zej\u015bcia to oko\u0142o 4 godziny. Szlak najpierw pod\u0105\u017ca wzd\u0142u\u017c tor\u00f3w kolejowych a\u017c do pierwszego wzniesienia, gdzie nast\u0119pnie spaceruje si\u0119 wzd\u0142u\u017c wodospadu, las\u00f3w drzew kauczukowych i plantacji herbaty.<\/p>\n<p>Sam teren nie jest szczeg\u00f3lnie wymagaj\u0105cy, ale wyzwaniem jest znalezienie odpowiedniej trasy. Dlatego organizujemy dla Was lokalnego przewodnika, kt\u00f3ry zna warunki i w spokojny spos\u00f3b wprowadzi Was na szczyt. Przewodnicy s\u0105 zwykle zaznajomieni z natur\u0105 i mog\u0105 wiele opowiedzie\u0107 o okolicy, florze i faunie. Mog\u0105 te\u017c pokaza\u0107 Ci dobre miejsca do zdj\u0119\u0107. Alternatywnie mo\u017cna te\u017c odby\u0107 w\u0119dr\u00f3wk\u0119 samodzielnie - w sieci jest mn\u00f3stwo plan\u00f3w tras.<\/p>","protected":false},"featured_media":3451,"comment_status":"open","ping_status":"closed","template":"","meta":[],"product_brand":[],"product_cat":[65,60,66,61,51,55,53,64],"product_tag":[],"class_list":{"0":"post-3450","1":"product","2":"type-product","3":"status-publish","4":"has-post-thumbnail","6":"product_cat-abenteuer","7":"product_cat-berge","8":"product_cat-entspannen-erholen","9":"product_cat-instagram-hotspots","10":"product_cat-natur-landschaften","11":"product_cat-outdoors","12":"product_cat-pflanzenwelt","13":"product_cat-sport","15":"first","16":"instock","17":"virtual","18":"product-type-simple"},"_links":{"self":[{"href":"https:\/\/www.travel2srilanka.ch\/pl\/wp-json\/wp\/v2\/product\/3450","targetHints":{"allow":["GET"]}}],"collection":[{"href":"https:\/\/www.travel2srilanka.ch\/pl\/wp-json\/wp\/v2\/product"}],"about":[{"href":"https:\/\/www.travel2srilanka.ch\/pl\/wp-json\/wp\/v2\/types\/product"}],"replies":[{"embeddable":true,"href":"https:\/\/www.travel2srilanka.ch\/pl\/wp-json\/wp\/v2\/comments?post=3450"}],"wp:featuredmedia":[{"embeddable":true,"href":"https:\/\/www.travel2srilanka.ch\/pl\/wp-json\/wp\/v2\/media\/3451"}],"wp:attachment":[{"href":"https:\/\/www.travel2srilanka.ch\/pl\/wp-json\/wp\/v2\/media?parent=3450"}],"wp:term":[{"taxonomy":"product_brand","embeddable":true,"href":"https:\/\/www.travel2srilanka.ch\/pl\/wp-json\/wp\/v2\/product_brand?post=3450"},{"taxonomy":"product_cat","embeddable":true,"href":"https:\/\/www.travel2srilanka.ch\/pl\/wp-json\/wp\/v2\/product_cat?post=3450"},{"taxonomy":"product_tag","embeddable":true,"href":"https:\/\/www.travel2srilanka.ch\/pl\/wp-json\/wp\/v2\/product_tag?post=3450"}],"curies":[{"name":"wp","href":"https:\/\/api.w.org\/{rel}","templated":true}]}}