{"id":3466,"date":"2022-07-23T21:37:21","date_gmt":"2022-07-23T19:37:21","guid":{"rendered":"https:\/\/www.travel2srilanka.ch\/?post_type=product&#038;p=3466"},"modified":"2023-03-29T22:30:12","modified_gmt":"2023-03-29T20:30:12","slug":"udawalawe-elephant-transfer-home","status":"publish","type":"product","link":"https:\/\/www.travel2srilanka.ch\/pl\/product\/udawalawe-elephant-transfer-home\/","title":{"rendered":"Udawalawe Elephant Transfer Home - Rehabilitacja dla ma\u0142ych s\u0142oni"},"content":{"rendered":"<div class=\"vc_row wpb_row vc_row-fluid\"><div class=\"wpb_column vc_column_container vc_col-sm-6\"><div class=\"vc_column-inner\"><div class=\"wpb_wrapper\"><div class=\"wpb_gmaps_widget wpb_content_element\"><div class=\"wpb_wrapper\"><div class=\"wpb_map_wraper\"><iframe src=\"https:\/\/www.google.com\/maps\/embed?pb=!1m18!1m12!1m3!1d1241433.434383388!2d80.0238077035069!3d6.716116626011365!2m3!1f0!2f0!3f0!3m2!1i1024!2i768!4f13.1!3m3!1m2!1s0x3ae4075c0f3ce00b%3A0x853f2e9cf8fb14dd!2zRWxlcGhhbnQgVHJhbnNpdCBIb21lICjgtovgtqngt4Dgtr3gt4Ag4LaH4Lat4LeKIOC2heC2reC3lOC2u-C3lCDgt4Pgt5ngt4DgtrEpIC0gVWRhd2FsYXZh!5e1!3m2!1sde!2sch!4v1658604840655!5m2!1sde!2sch\" width=\"600\" height=\"450\" style=\"border:0;\" allowfullscreen=\"\" loading=\"lazy\" referrerpolicy=\"no-referrer-when-downgrade\"><\/iframe><\/div><\/div><\/div><\/div><\/div><\/div><div class=\"wpb_column vc_column_container vc_col-sm-6\"><div class=\"vc_column-inner\"><div class=\"wpb_wrapper\"><\/div><\/div><\/div><\/div>","protected":false},"excerpt":{"rendered":"<p>Udawalawe Elephant Transfer Home to obiekt w Parku Narodowym Udawalawe na Sri Lance, kt\u00f3ry zosta\u0142 za\u0142o\u017cony w 1995 roku przez Sri Lanka Department of Wildlife Conservation z pomoc\u0105 Born Free Foundation. Jego g\u0142\u00f3wnym celem jest rehabilitacja osieroconych m\u0142odych s\u0142oni, aby ostatecznie wypu\u015bci\u0107 je z powrotem na wolno\u015b\u0107.<\/p>\n<p>S\u0142onie na Sri Lance s\u0105 gatunkiem zagro\u017conym, kt\u00f3rego przetrwanie w ich naturalnych siedliskach jest szczeg\u00f3lnie trudne. Niestety, wiele m\u0142odych s\u0142oni  zostaje sierotami i s\u0105 wtedy zdane tylko na pomoc fundacji. Aby nie udomowi\u0107 zbytnio zwierz\u0105t, zwiedzaj\u0105cy nie maj\u0105 z nimi bezpo\u015bredniego kontaktu, mog\u0105 jednak ogl\u0105da\u0107 i podziwia\u0107 skupiska tych pi\u0119knych zwierz\u0105t. W jednym czasie przebywa tu zwykle oko\u0142o 40-stu m\u0142odych s\u0142oni.<\/p>","protected":false},"featured_media":3471,"comment_status":"open","ping_status":"closed","template":"","meta":[],"product_brand":[],"product_cat":[63,56],"product_tag":[],"class_list":{"0":"post-3466","1":"product","2":"type-product","3":"status-publish","4":"has-post-thumbnail","6":"product_cat-nationalparks","7":"product_cat-tierwelt","9":"first","10":"instock","11":"virtual","12":"product-type-simple"},"_links":{"self":[{"href":"https:\/\/www.travel2srilanka.ch\/pl\/wp-json\/wp\/v2\/product\/3466","targetHints":{"allow":["GET"]}}],"collection":[{"href":"https:\/\/www.travel2srilanka.ch\/pl\/wp-json\/wp\/v2\/product"}],"about":[{"href":"https:\/\/www.travel2srilanka.ch\/pl\/wp-json\/wp\/v2\/types\/product"}],"replies":[{"embeddable":true,"href":"https:\/\/www.travel2srilanka.ch\/pl\/wp-json\/wp\/v2\/comments?post=3466"}],"wp:featuredmedia":[{"embeddable":true,"href":"https:\/\/www.travel2srilanka.ch\/pl\/wp-json\/wp\/v2\/media\/3471"}],"wp:attachment":[{"href":"https:\/\/www.travel2srilanka.ch\/pl\/wp-json\/wp\/v2\/media?parent=3466"}],"wp:term":[{"taxonomy":"product_brand","embeddable":true,"href":"https:\/\/www.travel2srilanka.ch\/pl\/wp-json\/wp\/v2\/product_brand?post=3466"},{"taxonomy":"product_cat","embeddable":true,"href":"https:\/\/www.travel2srilanka.ch\/pl\/wp-json\/wp\/v2\/product_cat?post=3466"},{"taxonomy":"product_tag","embeddable":true,"href":"https:\/\/www.travel2srilanka.ch\/pl\/wp-json\/wp\/v2\/product_tag?post=3466"}],"curies":[{"name":"wp","href":"https:\/\/api.w.org\/{rel}","templated":true}]}}