{"id":3547,"date":"2022-11-13T00:57:19","date_gmt":"2022-11-12T23:57:19","guid":{"rendered":"https:\/\/www.travel2srilanka.ch\/?post_type=product&#038;p=3547"},"modified":"2024-11-01T05:10:59","modified_gmt":"2024-11-01T04:10:59","slug":"heritance-kandalama","status":"publish","type":"product","link":"https:\/\/www.travel2srilanka.ch\/pl\/product\/heritance-kandalama\/","title":{"rendered":"Dschungelhotel Heritance Kandalama &#8211; Im Einklang mit der Natur"},"content":{"rendered":"<div class=\"vc_row wpb_row vc_row-fluid\"><div class=\"wpb_column vc_column_container vc_col-sm-4\"><div class=\"vc_column-inner\"><div class=\"wpb_wrapper\"><div class=\"wpb_gmaps_widget wpb_content_element\"><div class=\"wpb_wrapper\"><div class=\"wpb_map_wraper\"><iframe src=\"https:\/\/www.google.com\/maps\/embed?pb=!1m18!1m12!1m3!1d1274905.7536898453!2d80.21085900194164!3d7.820558802673432!2m3!1f0!2f0!3f0!3m2!1i1024!2i768!4f13.1!3m3!1m2!1s0x3afca5eed763401b%3A0x52e38a926b2db14a!2sHeritance%20Kandalama!5e0!3m2!1sde!2seg!4v1668073070694!5m2!1sde!2seg\" width=\"600\" height=\"450\" style=\"border:0;\" allowfullscreen=\"\" loading=\"lazy\" referrerpolicy=\"no-referrer-when-downgrade\"><\/iframe><\/div><\/div><\/div><\/div><\/div><\/div><div class=\"wpb_column vc_column_container vc_col-sm-8\"><div class=\"vc_column-inner\"><div class=\"wpb_wrapper\">\n\t<div class=\"wpb_video_widget wpb_content_element vc_clearfix   vc_video-aspect-ratio-169 vc_video-el-width-100 vc_video-align-left\" >\n\t\t<div class=\"wpb_wrapper\">\n\t\t\t\n\t\t\t<div class=\"wpb_video_wrapper\"><iframe loading=\"lazy\" title=\"Heritance Kandalama Hotel in Sri Lanka - Travel2SriLanka.ch\" width=\"1180\" height=\"664\" src=\"https:\/\/www.youtube.com\/embed\/AqBHmhEznxM?feature=oembed\" frameborder=\"0\" allow=\"accelerometer; autoplay; clipboard-write; encrypted-media; gyroscope; picture-in-picture\" allowfullscreen><\/iframe><\/div>\n\t\t<\/div>\n\t<\/div>\n<\/div><\/div><\/div><\/div>","protected":false},"excerpt":{"rendered":"<p>Ein stiller Wald von dichtem Gr\u00fcn, fl\u00fcsternde Vogelges\u00e4nge, schimmernder See in der Ferne und k\u00fchle Felsw\u00e4nde zum Anfassen. Nennt es pure Gl\u00fcckseligkeit, nennt es \u00f6kologisches Wohlbefinden. Ein Hotel, das nicht auf der Landschaft sitzt, sondern ein Teil von ihr ist und in majest\u00e4tischer Haltung die reiche Tierwelt in seinem Revier \u00fcberblickt.<\/p>\n<p>Das Heritance Kandalama hat die Form eines ausgebreiteten Vogelfl\u00fcgels und folgt der Linie der Felsw\u00e4nde, aus denen es hervorzukommen scheint. Erbaut in 1992 von Sri Lankas renommiertem Architekten Geoffrey Bawa, mit Blick auf die ruhigen Gew\u00e4sser des Kandalama-Sees und die Felsenfestung von Sigiriya.<\/p>\n<p>Der Infinity-Pool scheint direkt in den See \u00fcberzugehen, was besonders beim Sonnenuntergang oder Vollmond ein wahres Spektakel ist. Die Ruhe am Tag und die leisen Ger\u00e4usche des Dschungels in der Nacht, lassen euch wahrlich in die Wildnis Sri Lankas eintauchen. Oftmals klettern Affen auf dem Balkon herum, weshalb ihr die T\u00fcre immer schliessen solltet.<\/p>\n<p>Das Heritance Kandalama muss man auf seiner Reise in Sri Lanka einfach erlebt haben!<\/p>","protected":false},"featured_media":3551,"comment_status":"open","ping_status":"closed","template":"..\/public\/views\/revslider-page-template.php","meta":[],"product_brand":[],"product_cat":[74],"product_tag":[],"class_list":{"0":"post-3547","1":"product","2":"type-product","3":"status-publish","4":"has-post-thumbnail","6":"product_cat-hotels","8":"first","9":"instock","10":"virtual","11":"product-type-simple"},"_links":{"self":[{"href":"https:\/\/www.travel2srilanka.ch\/pl\/wp-json\/wp\/v2\/product\/3547","targetHints":{"allow":["GET"]}}],"collection":[{"href":"https:\/\/www.travel2srilanka.ch\/pl\/wp-json\/wp\/v2\/product"}],"about":[{"href":"https:\/\/www.travel2srilanka.ch\/pl\/wp-json\/wp\/v2\/types\/product"}],"replies":[{"embeddable":true,"href":"https:\/\/www.travel2srilanka.ch\/pl\/wp-json\/wp\/v2\/comments?post=3547"}],"wp:featuredmedia":[{"embeddable":true,"href":"https:\/\/www.travel2srilanka.ch\/pl\/wp-json\/wp\/v2\/media\/3551"}],"wp:attachment":[{"href":"https:\/\/www.travel2srilanka.ch\/pl\/wp-json\/wp\/v2\/media?parent=3547"}],"wp:term":[{"taxonomy":"product_brand","embeddable":true,"href":"https:\/\/www.travel2srilanka.ch\/pl\/wp-json\/wp\/v2\/product_brand?post=3547"},{"taxonomy":"product_cat","embeddable":true,"href":"https:\/\/www.travel2srilanka.ch\/pl\/wp-json\/wp\/v2\/product_cat?post=3547"},{"taxonomy":"product_tag","embeddable":true,"href":"https:\/\/www.travel2srilanka.ch\/pl\/wp-json\/wp\/v2\/product_tag?post=3547"}],"curies":[{"name":"wp","href":"https:\/\/api.w.org\/{rel}","templated":true}]}}