{"id":3574,"date":"2023-01-05T12:52:23","date_gmt":"2023-01-05T11:52:23","guid":{"rendered":"https:\/\/www.travel2srilanka.ch\/?post_type=product&#038;p=3574"},"modified":"2023-01-05T13:13:26","modified_gmt":"2023-01-05T12:13:26","slug":"heritance-tea-factory-hotel","status":"publish","type":"product","link":"https:\/\/www.travel2srilanka.ch\/pl\/product\/heritance-tea-factory-hotel\/","title":{"rendered":"Heritance Tea Factory Hotel &#8211; Frische Luft, Entspannung und Panorama"},"content":{"rendered":"<div class=\"vc_row wpb_row vc_row-fluid\"><div class=\"wpb_column vc_column_container vc_col-sm-12\"><div class=\"vc_column-inner\"><div class=\"wpb_wrapper\">\n\t<div class=\"wpb_text_column wpb_content_element\" >\n\t\t<div class=\"wpb_wrapper\">\n\t\t\t<p>Wie es der Name schon sagt, ist die Heritance Tea Factory eine ehemalige Tee-Fabrik, die in ein Hotel umgebaut wurde. Ab dem Moment der Ankunft, ist man umgeben von der 150-j\u00e4hrigen, pulsierenden Geschichte des Hotels. Der ehemalige Trockenraum, auf dem die frisch gepfl\u00fcckten Teebl\u00e4tter zum Trocknen ausgelegt wurden, dient nun als gem\u00fctlicher R\u00fcckzugsort f\u00fcr die G\u00e4ste. Die hohen Fenster, die einst den Trocknungsprozess unterst\u00fctzten, sind nach wie vor nat\u00fcrliche Lichtspender und erm\u00f6glichen eine atemberaubende Aussicht auf die H\u00fcgellandschaft Sri Lankas.<\/p>\n<p>Als besonderes Erlebnis bietet die Heritance Tea Factory Kurse an, bei denen man seinen eigenen Tee pfl\u00fccken und die Reise durch eine Mini-Teefabrik beobachten kann. Ein weiteres Highlight ist das feine Abendessen in einem restaurierten Eisenbahnwaggon aus den vergangenen Zeiten.<\/p>\n<p>Was wir aber definitiv empfehlen, um den Tag abzurunden, ist eine Massage im hauseigenen Spa. Die gesamte Behandlung mit ausgebildeten Masseurinnen ist \u00e4usserst professionell und garantiert Tiefenentspannung w\u00e4hrend eurer Ferien.<\/p>\n\n\t\t<\/div>\n\t<\/div>\n<\/div><\/div><\/div><\/div><div class=\"vc_row wpb_row vc_row-fluid\"><div class=\"wpb_column vc_column_container vc_col-sm-12\"><div class=\"vc_column-inner\"><div class=\"wpb_wrapper\"><div style=\"background-color:;height: 20px\" class=\"nicdark_section\"><\/div><\/div><\/div><\/div><\/div><div class=\"vc_row wpb_row vc_row-fluid\"><div class=\"wpb_column vc_column_container vc_col-sm-4\"><div class=\"vc_column-inner\"><div class=\"wpb_wrapper\"><div class=\"wpb_gmaps_widget wpb_content_element\"><div class=\"wpb_wrapper\"><div class=\"wpb_map_wraper\"><iframe src=\"https:\/\/www.google.com\/maps\/embed?pb=!1m18!1m12!1m3!1d1529865.6786417589!2d80.26874793350211!3d7.028901968035913!2m3!1f0!2f0!3f0!3m2!1i1024!2i768!4f13.1!3m3!1m2!1s0x3ae381aede0bc39d%3A0x6e0e80b1cff52b1c!2sHeritance%20Tea%20Factory!5e0!3m2!1sde!2sch!4v1668206089152!5m2!1sde!2sch\" width=\"600\" height=\"450\" style=\"border:0;\" allowfullscreen=\"\" loading=\"lazy\" referrerpolicy=\"no-referrer-when-downgrade\"><\/iframe><\/div><\/div><\/div><\/div><\/div><\/div><div class=\"wpb_column vc_column_container vc_col-sm-8\"><div class=\"vc_column-inner\"><div class=\"wpb_wrapper\">\n\t<div class=\"wpb_video_widget wpb_content_element vc_clearfix   vc_video-aspect-ratio-169 vc_video-el-width-100 vc_video-align-left\" >\n\t\t<div class=\"wpb_wrapper\">\n\t\t\t\n\t\t\t<div class=\"wpb_video_wrapper\"><iframe loading=\"lazy\" title=\"Heritance Tea Factory - a truly magical retreat!\" width=\"1180\" height=\"664\" src=\"https:\/\/www.youtube.com\/embed\/Zz3jz_JdvT8?feature=oembed\" frameborder=\"0\" allow=\"accelerometer; autoplay; clipboard-write; encrypted-media; gyroscope; picture-in-picture; web-share\" allowfullscreen><\/iframe><\/div>\n\t\t<\/div>\n\t<\/div>\n<\/div><\/div><\/div><\/div>","protected":false},"excerpt":{"rendered":"<p>Willkommen zur\u00fcck im 19. Jahrhundert. Damals hiess Sri Lanka noch Ceylon und war Teil des Britischen K\u00f6nigreichs. Da passt eine warme Tasse Tee im h\u00f6chsten Gebiet Sri Lankas perfekt.<\/p>\n<p>Auf rund 2\u2018000 H\u00f6henmetern und 30 Minuten von Nuwara Eliya entfernt, liegt eines der wohl einzigartigsten Unterk\u00fcnfte der Insel. Stolz steht das Heritance Tea Factory Hotel zuoberst auf einem H\u00fcgel, umgeben vom Gr\u00fcn der Teeplantagen, soweit das Auge reicht. Die Luft ist rein und f\u00fchlt sich so frisch an, wie an wahrscheinlich keinem anderen Ort. Die Stille und der Frieden lassen den K\u00f6rper und Geist entspannen, als ob die Zeit stehenbleibt. Fast schon mystisch, diese Stimmung &#8211; insbesondere dann, wenn noch der Nebel die H\u00fcgel umschlingt.<\/p>","protected":false},"featured_media":3575,"comment_status":"open","ping_status":"closed","template":"..\/public\/views\/revslider-page-template.php","meta":[],"product_brand":[],"product_cat":[74],"product_tag":[],"class_list":{"0":"post-3574","1":"product","2":"type-product","3":"status-publish","4":"has-post-thumbnail","6":"product_cat-hotels","8":"first","9":"instock","10":"virtual","11":"product-type-simple"},"_links":{"self":[{"href":"https:\/\/www.travel2srilanka.ch\/pl\/wp-json\/wp\/v2\/product\/3574","targetHints":{"allow":["GET"]}}],"collection":[{"href":"https:\/\/www.travel2srilanka.ch\/pl\/wp-json\/wp\/v2\/product"}],"about":[{"href":"https:\/\/www.travel2srilanka.ch\/pl\/wp-json\/wp\/v2\/types\/product"}],"replies":[{"embeddable":true,"href":"https:\/\/www.travel2srilanka.ch\/pl\/wp-json\/wp\/v2\/comments?post=3574"}],"wp:featuredmedia":[{"embeddable":true,"href":"https:\/\/www.travel2srilanka.ch\/pl\/wp-json\/wp\/v2\/media\/3575"}],"wp:attachment":[{"href":"https:\/\/www.travel2srilanka.ch\/pl\/wp-json\/wp\/v2\/media?parent=3574"}],"wp:term":[{"taxonomy":"product_brand","embeddable":true,"href":"https:\/\/www.travel2srilanka.ch\/pl\/wp-json\/wp\/v2\/product_brand?post=3574"},{"taxonomy":"product_cat","embeddable":true,"href":"https:\/\/www.travel2srilanka.ch\/pl\/wp-json\/wp\/v2\/product_cat?post=3574"},{"taxonomy":"product_tag","embeddable":true,"href":"https:\/\/www.travel2srilanka.ch\/pl\/wp-json\/wp\/v2\/product_tag?post=3574"}],"curies":[{"name":"wp","href":"https:\/\/api.w.org\/{rel}","templated":true}]}}