{"id":3597,"date":"2023-01-08T14:48:18","date_gmt":"2023-01-08T13:48:18","guid":{"rendered":"https:\/\/www.travel2srilanka.ch\/?post_type=product&#038;p=3597"},"modified":"2023-06-14T23:23:43","modified_gmt":"2023-06-14T21:23:43","slug":"98-acres","status":"publish","type":"product","link":"https:\/\/www.travel2srilanka.ch\/pl\/product\/98-acres\/","title":{"rendered":"98 Acres Resort &#038; Spa &#8211; Eco-Chalets direkt am Little Adam\u2019s Peak"},"content":{"rendered":"<div class=\"vc_row wpb_row vc_row-fluid\"><div class=\"wpb_column vc_column_container vc_col-sm-4\"><div class=\"vc_column-inner\"><div class=\"wpb_wrapper\"><div class=\"wpb_gmaps_widget wpb_content_element\"><div class=\"wpb_wrapper\"><div class=\"wpb_map_wraper\"><iframe src=\"https:\/\/www.google.com\/maps\/embed?pb=!1m18!1m12!1m3!1d1306810.903879922!2d80.77059465147474!3d7.30578097689827!2m3!1f0!2f0!3f0!3m2!1i1024!2i768!4f13.1!3m3!1m2!1s0x3ae465cf837486e1%3A0x9747f839c73cda26!2s98%20Acres%20Resort%20%26%20Spa!5e0!3m2!1sde!2seg!4v1668087122729!5m2!1sde!2seg\" width=\"600\" height=\"450\" style=\"border:0;\" allowfullscreen=\"\" loading=\"lazy\" referrerpolicy=\"no-referrer-when-downgrade\"><\/iframe><\/div><\/div><\/div><\/div><\/div><\/div><div class=\"wpb_column vc_column_container vc_col-sm-8\"><div class=\"vc_column-inner\"><div class=\"wpb_wrapper\">\n\t<div class=\"wpb_video_widget wpb_content_element vc_clearfix   vc_video-aspect-ratio-169 vc_video-el-width-100 vc_video-align-left\" >\n\t\t<div class=\"wpb_wrapper\">\n\t\t\t\n\t\t\t<div class=\"wpb_video_wrapper\"><iframe loading=\"lazy\" title=\"98 Acres Resort and Spa\" width=\"1180\" height=\"664\" src=\"https:\/\/www.youtube.com\/embed\/YTWJXX3mSGA?feature=oembed\" frameborder=\"0\" allow=\"accelerometer; autoplay; clipboard-write; encrypted-media; gyroscope; picture-in-picture; web-share\" allowfullscreen><\/iframe><\/div>\n\t\t<\/div>\n\t<\/div>\n<\/div><\/div><\/div><\/div>","protected":false},"excerpt":{"rendered":"<p>Eine idyllische Teeplantage auf 98 Hektar Land im bezaubernden Ella, Sri Lanka.<\/p>\n<p>Erlebt die Sch\u00f6nheit und Ruhe der malerischen H\u00fcgellandschaft Sri Lankas mit dem luxuri\u00f6sen Komfort eines Boutique-Hotels par excellence. Das 98 Acres Resort and Spa ist ein elegantes, schickes Hotel auf einem malerischen, 98 Hektar grossen Teegut, umgeben von einer atemberaubenden Landschaft.<\/p>\n<p>Die einzigartig konzipierte Anlage f\u00fcgt sich gut in die Natur ein und besteht aus mehreren wundersch\u00f6n gestalteten Chalets, die in die h\u00fcgelige Landschaft der Plantage eingebettet sind. Sie bestehen gr\u00f6sstenteils aus wiederverwerteten Materialien wie ausrangierten Eisenbahnschwellen oder alten Teekisten. Der rau bearbeitete Granit verleiht eine schlichte Eleganz, w\u00e4hrend die Strohd\u00e4cher die rustikale Sch\u00f6nheit der H\u00e4user unterstreichen. Zwischen den Chalets gibt es reichlich Platz, so dass ruhige, entspannte Ferien garantiert sind &#8211; perfekt f\u00fcr Paare oder Familien. Jedes Zimmer bietet einen malerischen Ausblick auf die nebligen Berge Sri Lankas und ist mit allen modernen Annehmlichkeiten f\u00fcr einen luxuri\u00f6sen und komfortablen Aufenthalt ausgestattet.<\/p>\n<p>Eines der gr\u00f6ssten Vorz\u00fcge am 98 Acres ist die Lage direkt am Little Adam\u2019s Peak. Nur einen kurzen Spaziergang entfernt liegt der Startpunkt f\u00fcr die Flying Ravenna Zip-Line, die Quad-Tour, eine Wanderung auf den Little Adam\u2019s Peak oder diverse weitere Aktivit\u00e4ten in Ella.<\/p>","protected":false},"featured_media":3598,"comment_status":"open","ping_status":"closed","template":"..\/public\/views\/revslider-page-template.php","meta":[],"product_brand":[],"product_cat":[74],"product_tag":[75,77,82,76,80,84,106,78,83],"class_list":{"0":"post-3597","1":"product","2":"type-product","3":"status-publish","4":"has-post-thumbnail","6":"product_cat-hotels","7":"product_tag-98-acres-hotel","8":"product_tag-boutique-hotel-in-ella","9":"product_tag-ella-hotels-mit-pool","10":"product_tag-ella-unterkunft","11":"product_tag-luxushotel-in-ella","12":"product_tag-naturresort-in-sri-lanka","13":"product_tag-sri-lanka-luxusreisen","14":"product_tag-uebernachtungsmoeglichkeiten-in-ella","15":"product_tag-unterkunft-in-den-bergen-von-sri-lanka","17":"first","18":"instock","19":"virtual","20":"product-type-simple"},"_links":{"self":[{"href":"https:\/\/www.travel2srilanka.ch\/pl\/wp-json\/wp\/v2\/product\/3597","targetHints":{"allow":["GET"]}}],"collection":[{"href":"https:\/\/www.travel2srilanka.ch\/pl\/wp-json\/wp\/v2\/product"}],"about":[{"href":"https:\/\/www.travel2srilanka.ch\/pl\/wp-json\/wp\/v2\/types\/product"}],"replies":[{"embeddable":true,"href":"https:\/\/www.travel2srilanka.ch\/pl\/wp-json\/wp\/v2\/comments?post=3597"}],"wp:featuredmedia":[{"embeddable":true,"href":"https:\/\/www.travel2srilanka.ch\/pl\/wp-json\/wp\/v2\/media\/3598"}],"wp:attachment":[{"href":"https:\/\/www.travel2srilanka.ch\/pl\/wp-json\/wp\/v2\/media?parent=3597"}],"wp:term":[{"taxonomy":"product_brand","embeddable":true,"href":"https:\/\/www.travel2srilanka.ch\/pl\/wp-json\/wp\/v2\/product_brand?post=3597"},{"taxonomy":"product_cat","embeddable":true,"href":"https:\/\/www.travel2srilanka.ch\/pl\/wp-json\/wp\/v2\/product_cat?post=3597"},{"taxonomy":"product_tag","embeddable":true,"href":"https:\/\/www.travel2srilanka.ch\/pl\/wp-json\/wp\/v2\/product_tag?post=3597"}],"curies":[{"name":"wp","href":"https:\/\/api.w.org\/{rel}","templated":true}]}}